{"id":53,"date":"2020-06-06T10:23:37","date_gmt":"2020-06-06T08:23:37","guid":{"rendered":"https:\/\/hrstorie.wordpress.com\/?page_id=53"},"modified":"2021-05-29T10:22:05","modified_gmt":"2021-05-29T08:22:05","slug":"o-mnie","status":"publish","type":"page","link":"https:\/\/mojhr.stronaob.pl\/","title":{"rendered":"O mnie"},"content":{"rendered":"\n<div class=\"wp-block-group alignfull\"><div class=\"wp-block-group__inner-container is-layout-flow wp-block-group-is-layout-flow\">\n<div class=\"wp-block-jetpack-layout-grid alignfull column1-desktop-grid__span-4 column1-desktop-grid__start-2 column1-desktop-grid__row-1 column2-desktop-grid__span-7 column2-desktop-grid__start-6 column2-desktop-grid__row-1 column1-tablet-grid__span-3 column1-tablet-grid__row-1 column2-tablet-grid__span-5 column2-tablet-grid__start-4 column2-tablet-grid__row-1 column1-mobile-grid__span-4 column1-mobile-grid__row-1 column2-mobile-grid__span-4 column2-mobile-grid__row-2\">\n<div class=\"wp-block-jetpack-layout-grid-column wp-block-jetpack-layout-grid__padding-none\">\n<div class=\"wp-block-image is-style-circle-mask is-style-default\"><figure class=\"aligncenter size-large\"><img loading=\"lazy\" decoding=\"async\" width=\"1024\" height=\"861\" src=\"http:\/\/mojhr.stronaob.pl\/wp-content\/uploads\/2021\/05\/arek-g-17-e1622042660505-1024x861.jpg\" alt=\"\" class=\"wp-image-151\" srcset=\"https:\/\/mojhr.stronaob.pl\/wp-content\/uploads\/2021\/05\/arek-g-17-e1622042660505-1024x861.jpg 1024w, https:\/\/mojhr.stronaob.pl\/wp-content\/uploads\/2021\/05\/arek-g-17-e1622042660505-300x252.jpg 300w, https:\/\/mojhr.stronaob.pl\/wp-content\/uploads\/2021\/05\/arek-g-17-e1622042660505-768x645.jpg 768w, https:\/\/mojhr.stronaob.pl\/wp-content\/uploads\/2021\/05\/arek-g-17-e1622042660505.jpg 1360w\" sizes=\"auto, (max-width: 1024px) 100vw, 1024px\" \/><\/figure><\/div>\n\n\n\n<p class=\"has-normal-font-size\">HR-owiec z zami\u0142owania. Cho\u0107 czasem bli\u017cej mi do technologii ni\u017c do ludzi.<\/p>\n\n\n\n<ul class=\"wp-block-social-links is-layout-flex wp-block-social-links-is-layout-flex\"><li class=\"wp-social-link wp-social-link-twitter  wp-block-social-link\"><a href=\"https:\/\/twitter.com\/gasperczyk\" class=\"wp-block-social-link-anchor\"><svg width=\"24\" height=\"24\" viewBox=\"0 0 24 24\" version=\"1.1\" xmlns=\"http:\/\/www.w3.org\/2000\/svg\" aria-hidden=\"true\" focusable=\"false\"><path d=\"M22.23,5.924c-0.736,0.326-1.527,0.547-2.357,0.646c0.847-0.508,1.498-1.312,1.804-2.27 c-0.793,0.47-1.671,0.812-2.606,0.996C18.324,4.498,17.257,4,16.077,4c-2.266,0-4.103,1.837-4.103,4.103 c0,0.322,0.036,0.635,0.106,0.935C8.67,8.867,5.647,7.234,3.623,4.751C3.27,5.357,3.067,6.062,3.067,6.814 c0,1.424,0.724,2.679,1.825,3.415c-0.673-0.021-1.305-0.206-1.859-0.513c0,0.017,0,0.034,0,0.052c0,1.988,1.414,3.647,3.292,4.023 c-0.344,0.094-0.707,0.144-1.081,0.144c-0.264,0-0.521-0.026-0.772-0.074c0.522,1.63,2.038,2.816,3.833,2.85 c-1.404,1.1-3.174,1.756-5.096,1.756c-0.331,0-0.658-0.019-0.979-0.057c1.816,1.164,3.973,1.843,6.29,1.843 c7.547,0,11.675-6.252,11.675-11.675c0-0.178-0.004-0.355-0.012-0.531C20.985,7.47,21.68,6.747,22.23,5.924z\"><\/path><\/svg><span class=\"wp-block-social-link-label screen-reader-text\">Twitter<\/span><\/a><\/li>\n\n<li class=\"wp-social-link wp-social-link-linkedin  wp-block-social-link\"><a href=\"https:\/\/linkedin.com\/in\/agaspe\" class=\"wp-block-social-link-anchor\"><svg width=\"24\" height=\"24\" viewBox=\"0 0 24 24\" version=\"1.1\" xmlns=\"http:\/\/www.w3.org\/2000\/svg\" aria-hidden=\"true\" focusable=\"false\"><path d=\"M19.7,3H4.3C3.582,3,3,3.582,3,4.3v15.4C3,20.418,3.582,21,4.3,21h15.4c0.718,0,1.3-0.582,1.3-1.3V4.3 C21,3.582,20.418,3,19.7,3z M8.339,18.338H5.667v-8.59h2.672V18.338z M7.004,8.574c-0.857,0-1.549-0.694-1.549-1.548 c0-0.855,0.691-1.548,1.549-1.548c0.854,0,1.547,0.694,1.547,1.548C8.551,7.881,7.858,8.574,7.004,8.574z M18.339,18.338h-2.669 v-4.177c0-0.996-0.017-2.278-1.387-2.278c-1.389,0-1.601,1.086-1.601,2.206v4.249h-2.667v-8.59h2.559v1.174h0.037 c0.356-0.675,1.227-1.387,2.526-1.387c2.703,0,3.203,1.779,3.203,4.092V18.338z\"><\/path><\/svg><span class=\"wp-block-social-link-label screen-reader-text\">LinkedIn<\/span><\/a><\/li>\n\n<li class=\"wp-social-link wp-social-link-instagram  wp-block-social-link\"><a href=\"https:\/\/instagram.com\/arek_gasperczyk\" class=\"wp-block-social-link-anchor\"><svg width=\"24\" height=\"24\" viewBox=\"0 0 24 24\" version=\"1.1\" xmlns=\"http:\/\/www.w3.org\/2000\/svg\" aria-hidden=\"true\" focusable=\"false\"><path d=\"M12,4.622c2.403,0,2.688,0.009,3.637,0.052c0.877,0.04,1.354,0.187,1.671,0.31c0.42,0.163,0.72,0.358,1.035,0.673 c0.315,0.315,0.51,0.615,0.673,1.035c0.123,0.317,0.27,0.794,0.31,1.671c0.043,0.949,0.052,1.234,0.052,3.637 s-0.009,2.688-0.052,3.637c-0.04,0.877-0.187,1.354-0.31,1.671c-0.163,0.42-0.358,0.72-0.673,1.035 c-0.315,0.315-0.615,0.51-1.035,0.673c-0.317,0.123-0.794,0.27-1.671,0.31c-0.949,0.043-1.233,0.052-3.637,0.052 s-2.688-0.009-3.637-0.052c-0.877-0.04-1.354-0.187-1.671-0.31c-0.42-0.163-0.72-0.358-1.035-0.673 c-0.315-0.315-0.51-0.615-0.673-1.035c-0.123-0.317-0.27-0.794-0.31-1.671C4.631,14.688,4.622,14.403,4.622,12 s0.009-2.688,0.052-3.637c0.04-0.877,0.187-1.354,0.31-1.671c0.163-0.42,0.358-0.72,0.673-1.035 c0.315-0.315,0.615-0.51,1.035-0.673c0.317-0.123,0.794-0.27,1.671-0.31C9.312,4.631,9.597,4.622,12,4.622 M12,3 C9.556,3,9.249,3.01,8.289,3.054C7.331,3.098,6.677,3.25,6.105,3.472C5.513,3.702,5.011,4.01,4.511,4.511 c-0.5,0.5-0.808,1.002-1.038,1.594C3.25,6.677,3.098,7.331,3.054,8.289C3.01,9.249,3,9.556,3,12c0,2.444,0.01,2.751,0.054,3.711 c0.044,0.958,0.196,1.612,0.418,2.185c0.23,0.592,0.538,1.094,1.038,1.594c0.5,0.5,1.002,0.808,1.594,1.038 c0.572,0.222,1.227,0.375,2.185,0.418C9.249,20.99,9.556,21,12,21s2.751-0.01,3.711-0.054c0.958-0.044,1.612-0.196,2.185-0.418 c0.592-0.23,1.094-0.538,1.594-1.038c0.5-0.5,0.808-1.002,1.038-1.594c0.222-0.572,0.375-1.227,0.418-2.185 C20.99,14.751,21,14.444,21,12s-0.01-2.751-0.054-3.711c-0.044-0.958-0.196-1.612-0.418-2.185c-0.23-0.592-0.538-1.094-1.038-1.594 c-0.5-0.5-1.002-0.808-1.594-1.038c-0.572-0.222-1.227-0.375-2.185-0.418C14.751,3.01,14.444,3,12,3L12,3z M12,7.378 c-2.552,0-4.622,2.069-4.622,4.622S9.448,16.622,12,16.622s4.622-2.069,4.622-4.622S14.552,7.378,12,7.378z M12,15 c-1.657,0-3-1.343-3-3s1.343-3,3-3s3,1.343,3,3S13.657,15,12,15z M16.804,6.116c-0.596,0-1.08,0.484-1.08,1.08 s0.484,1.08,1.08,1.08c0.596,0,1.08-0.484,1.08-1.08S17.401,6.116,16.804,6.116z\"><\/path><\/svg><span class=\"wp-block-social-link-label screen-reader-text\">Instagram<\/span><\/a><\/li><\/ul>\n<\/div>\n\n\n\n<div class=\"wp-block-jetpack-layout-grid-column wp-block-jetpack-layout-grid__padding-none\">\n<h2 class=\"wp-block-heading\"><strong>to ja. Arek Gasperczyk. <\/strong><br><strong>i M\u00f3j HR.<\/strong><\/h2>\n\n\n\n<p>Od kilkunastu lat zajmuj\u0119 si\u0119 HRem, g\u0142\u00f3wnie w pobli\u017cu technologii\/IT. Zdarza\u0142o mi si\u0119 by\u0107 HR Business Partnerem dla zespo\u0142\u00f3w IT, zajmowa\u0107 si\u0119 aplikacjami dla HR jako HR Information Systems Manager, by\u0107 szefem HR w start-upach i globalnych korporacjach. Zdarzy\u0142o mi si\u0119 te\u017c koordynowa\u0107 prac\u0119 polskiego oddzia\u0142u globalnej korporacji IT &#8211; troch\u0119 po godzinach.<\/p>\n\n\n\n<p>Tu pisz\u0119 o swoich do\u015bwiadczeniach, wiedzy, opiniach. Mam nadziej\u0119, \u017ce Ci si\u0119 (s)podoba.<\/p>\n\n\n\n<div class=\"wp-block-columns is-layout-flex wp-container-core-columns-is-layout-9d6595d7 wp-block-columns-is-layout-flex\">\n<div class=\"wp-block-column is-layout-flow wp-block-column-is-layout-flow\"><\/div>\n\n\n\n<div class=\"wp-block-column is-layout-flow wp-block-column-is-layout-flow\"><\/div>\n<\/div>\n<\/div>\n<\/div>\n<\/div><\/div>\n\n\n\n<h2 class=\"wp-block-heading\"><strong>Gdzie jeszcze si\u0119 pojawiam?<\/strong><\/h2>\n\n\n\n<ul class=\"wp-block-list\"><li><a href=\"https:\/\/epale.ec.europa.eu\/pl\/blog\/zlote-kajdanki-nie-wystarcza-czyli-co-motywuje-pracownikow-w-branzy-it\">Strona Komisji Europejskiej<\/a> &#8211; wywiad z Monik\u0105 Dawid-Sawick\u0105 o motywowaniu pracownik\u00f3w IT<\/li><li><a href=\"https:\/\/www.youtube.com\/watch?v=q5P2rK0buP8\">YouTube<\/a> &#8211; debata Altkom Akademia o roli HR w IT<\/li><li><a href=\"https:\/\/www.trojmiasto.pl\/s\/gasperczyk\">Tr\u00f3jmiasto.pl<\/a> &#8211; najwi\u0119kszy portal regionalny w Polsce<\/li><\/ul>\n\n\n\n<h2 class=\"wp-block-heading\"><strong>Co robi\u0119 i robi\u0142em zawodowo?<\/strong><\/h2>\n\n\n\n<p><strong>Global Workforce Transitions Manager, Europe, Wipro <\/strong>(2021-&#8230;)<br>Wkr\u00f3tce zajm\u0119 si\u0119 transferami pracownik\u00f3w pomi\u0119dzy klientami Wipro a Wipro (w obie strony), w tym te\u017c obszarem Mergers &amp; Acquisitions (M&amp;A), przygotowywaniem i negocjowaniem kontrakt\u00f3w od strony HR.<\/p>\n\n\n\n<p class=\"margin-bottom-none\"><strong>HR Director, CEE, Wipro <\/strong>(2017 &#8211; 2021)<br>Odpowiadam za HR w Polsce, na W\u0119grzech, w Czechach, S\u0142owacji, krajach nadba\u0142tyckich (Litwa, \u0141otwa, Estonia) w Wipro &#8211; globalnej korporacji IT. Pe\u0142ni\u0119 te\u017c rol\u0119 Country Head dla Polski, jestem prokurentem polskich sp\u00f3\u0142ek Wipro. Koordynuj\u0119 zesp\u00f3\u0142 senior management w Polsce.<\/p>\n\n\n\n<p class=\"margin-bottom-none\"><strong>HR Director, Lingaro<\/strong><br>(2013 &#8211; 2016)<br>Odpowiada\u0142em za wsparcie i rozw\u00f3j Lingaro &#8211; start-upu w obszarze IT &#8211; Business Intelligence, wtedy obecnej w Polsce i&#8230; na Filipinach. Teraz &#8211; tak\u017ce np. w USA czy Szwajcarii. Ciesz\u0119 si\u0119, \u017ce przygotowa\u0142em swoj\u0105 nast\u0119pczyni\u0119 i ze spokojem mog\u0142em odda\u0107 Ani stery HR:-)<\/p>\n\n\n\n<p class=\"margin-bottom-none\"><strong>HRx w ING\/ Nationale Nederlanden<\/strong><br>(2008 &#8211; 2013)<br>Tu si\u0119 dzia\u0142o sporo. By\u0142em kadrowcem, specjalist\u0105 od proces\u00f3w personalnych, wdra\u017ca\u0142em aplikacje HR w Polsce i niemal ca\u0142ej Europie, odpowiada\u0142em za proces oceny w 13 krajach Europy, zmienia\u0142em dostawc\u0119 kadrowo-p\u0142acowego, by\u0142em HR BP dla IT&#8230; Fajny czas.<\/p>\n\n\n\n<p><strong>Wdro\u017ceniowiec, Accenture <\/strong>(2007-2008)<br>Praca w projekcie wdro\u017ceniowym Siebel CRM dla du\u017cego operatora telekomunikacyjnego, tworzenie specyfikacji procesowej, funkcjonalnej, wsp\u00f3\u0142praca z klientem, przygotowanie wdro\u017ceniowych szkole\u0144 online i classroom.<\/p>\n\n\n\n<p class=\"margin-bottom-none\"> <\/p>\n","protected":false},"excerpt":{"rendered":"<p>HR-owiec z zami\u0142owania. Cho\u0107 czasem bli\u017cej mi do technologii ni\u017c do ludzi. to ja. Arek Gasperczyk. i M\u00f3j HR. Od kilkunastu lat zajmuj\u0119 si\u0119 HRem, g\u0142\u00f3wnie w pobli\u017cu technologii\/IT. Zdarza\u0142o mi si\u0119 by\u0107 HR Business Partnerem dla zespo\u0142\u00f3w IT, zajmowa\u0107 si\u0119 aplikacjami dla HR jako HR Information Systems Manager, by\u0107 szefem HR w start-upach i &hellip; <a href=\"https:\/\/mojhr.stronaob.pl\/\" class=\"more-link\">Czytaj dalej <span class=\"screen-reader-text\">O mnie<\/span> <span class=\"meta-nav\">&rarr;<\/span><\/a><\/p>\n","protected":false},"author":1,"featured_media":0,"parent":0,"menu_order":0,"comment_status":"closed","ping_status":"closed","template":"","meta":{"footnotes":""},"class_list":["post-53","page","type-page","status-publish","hentry"],"yoast_head":"<title>O mnie -<\/title>\n<meta name=\"robots\" content=\"index, follow, max-snippet:-1, max-image-preview:large, max-video-preview:-1\" \/>\n<link rel=\"canonical\" href=\"https:\/\/mojhr.stronaob.pl\/\" \/>\n<meta property=\"og:locale\" content=\"pl_PL\" \/>\n<meta property=\"og:type\" content=\"article\" \/>\n<meta property=\"og:title\" content=\"O mnie -\" \/>\n<meta property=\"og:description\" content=\"HR-owiec z zami\u0142owania. Cho\u0107 czasem bli\u017cej mi do technologii ni\u017c do ludzi. to ja. Arek Gasperczyk. i M\u00f3j HR. Od kilkunastu lat zajmuj\u0119 si\u0119 HRem, g\u0142\u00f3wnie w pobli\u017cu technologii\/IT. Zdarza\u0142o mi si\u0119 by\u0107 HR Business Partnerem dla zespo\u0142\u00f3w IT, zajmowa\u0107 si\u0119 aplikacjami dla HR jako HR Information Systems Manager, by\u0107 szefem HR w start-upach i &hellip; Czytaj dalej O mnie &rarr;\" \/>\n<meta property=\"og:url\" content=\"https:\/\/mojhr.stronaob.pl\/\" \/>\n<meta property=\"article:modified_time\" content=\"2021-05-29T08:22:05+00:00\" \/>\n<meta property=\"og:image\" content=\"http:\/\/mojhr.stronaob.pl\/wp-content\/uploads\/2021\/05\/arek-g-17-e1622042660505-1024x861.jpg\" \/>\n<meta name=\"twitter:card\" content=\"summary_large_image\" \/>\n<meta name=\"twitter:label1\" content=\"Szacowany czas czytania\" \/>\n\t<meta name=\"twitter:data1\" content=\"2 minuty\" \/>\n<script type=\"application\/ld+json\" class=\"yoast-schema-graph\">{\"@context\":\"https:\\\/\\\/schema.org\",\"@graph\":[{\"@type\":\"WebPage\",\"@id\":\"https:\\\/\\\/mojhr.stronaob.pl\\\/\",\"url\":\"https:\\\/\\\/mojhr.stronaob.pl\\\/\",\"name\":\"O mnie -\",\"isPartOf\":{\"@id\":\"https:\\\/\\\/mojhr.stronaob.pl\\\/#website\"},\"primaryImageOfPage\":{\"@id\":\"https:\\\/\\\/mojhr.stronaob.pl\\\/#primaryimage\"},\"image\":{\"@id\":\"https:\\\/\\\/mojhr.stronaob.pl\\\/#primaryimage\"},\"thumbnailUrl\":\"http:\\\/\\\/mojhr.stronaob.pl\\\/wp-content\\\/uploads\\\/2021\\\/05\\\/arek-g-17-e1622042660505-1024x861.jpg\",\"datePublished\":\"2020-06-06T08:23:37+00:00\",\"dateModified\":\"2021-05-29T08:22:05+00:00\",\"breadcrumb\":{\"@id\":\"https:\\\/\\\/mojhr.stronaob.pl\\\/#breadcrumb\"},\"inLanguage\":\"pl-PL\",\"potentialAction\":[{\"@type\":\"ReadAction\",\"target\":[\"https:\\\/\\\/mojhr.stronaob.pl\\\/\"]}]},{\"@type\":\"ImageObject\",\"inLanguage\":\"pl-PL\",\"@id\":\"https:\\\/\\\/mojhr.stronaob.pl\\\/#primaryimage\",\"url\":\"https:\\\/\\\/mojhr.stronaob.pl\\\/wp-content\\\/uploads\\\/2021\\\/05\\\/arek-g-17-e1622042660505.jpg\",\"contentUrl\":\"https:\\\/\\\/mojhr.stronaob.pl\\\/wp-content\\\/uploads\\\/2021\\\/05\\\/arek-g-17-e1622042660505.jpg\",\"width\":1360,\"height\":1143},{\"@type\":\"BreadcrumbList\",\"@id\":\"https:\\\/\\\/mojhr.stronaob.pl\\\/#breadcrumb\",\"itemListElement\":[{\"@type\":\"ListItem\",\"position\":1,\"name\":\"M\u00f3j HR\",\"item\":\"https:\\\/\\\/mojhr.stronaob.pl\\\/\"},{\"@type\":\"ListItem\",\"position\":2,\"name\":\"O mnie\"}]},{\"@type\":\"WebSite\",\"@id\":\"https:\\\/\\\/mojhr.stronaob.pl\\\/#website\",\"url\":\"https:\\\/\\\/mojhr.stronaob.pl\\\/\",\"name\":\"M\u00f3j HR - z \u017cycia HR-owca\",\"description\":\"Z \u017cycia HR-owca\",\"publisher\":{\"@id\":\"https:\\\/\\\/mojhr.stronaob.pl\\\/#\\\/schema\\\/person\\\/6a993ca2c3c4f4ce34763fcc157cc1a5\"},\"potentialAction\":[{\"@type\":\"SearchAction\",\"target\":{\"@type\":\"EntryPoint\",\"urlTemplate\":\"https:\\\/\\\/mojhr.stronaob.pl\\\/?s={search_term_string}\"},\"query-input\":{\"@type\":\"PropertyValueSpecification\",\"valueRequired\":true,\"valueName\":\"search_term_string\"}}],\"inLanguage\":\"pl-PL\"},{\"@type\":[\"Person\",\"Organization\"],\"@id\":\"https:\\\/\\\/mojhr.stronaob.pl\\\/#\\\/schema\\\/person\\\/6a993ca2c3c4f4ce34763fcc157cc1a5\",\"name\":\"Arek\",\"image\":{\"@type\":\"ImageObject\",\"inLanguage\":\"pl-PL\",\"@id\":\"https:\\\/\\\/mojhr.stronaob.pl\\\/wp-content\\\/uploads\\\/2021\\\/06\\\/logo-1.png\",\"url\":\"https:\\\/\\\/mojhr.stronaob.pl\\\/wp-content\\\/uploads\\\/2021\\\/06\\\/logo-1.png\",\"contentUrl\":\"https:\\\/\\\/mojhr.stronaob.pl\\\/wp-content\\\/uploads\\\/2021\\\/06\\\/logo-1.png\",\"width\":224,\"height\":181,\"caption\":\"Arek\"},\"logo\":{\"@id\":\"https:\\\/\\\/mojhr.stronaob.pl\\\/wp-content\\\/uploads\\\/2021\\\/06\\\/logo-1.png\"},\"sameAs\":[\"http:\\\/\\\/mojhr.stronaob.pl\"]}]}<\/script>","yoast_head_json":{"title":"O mnie -","robots":{"index":"index","follow":"follow","max-snippet":"max-snippet:-1","max-image-preview":"max-image-preview:large","max-video-preview":"max-video-preview:-1"},"canonical":"https:\/\/mojhr.stronaob.pl\/","og_locale":"pl_PL","og_type":"article","og_title":"O mnie -","og_description":"HR-owiec z zami\u0142owania. Cho\u0107 czasem bli\u017cej mi do technologii ni\u017c do ludzi. to ja. Arek Gasperczyk. i M\u00f3j HR. Od kilkunastu lat zajmuj\u0119 si\u0119 HRem, g\u0142\u00f3wnie w pobli\u017cu technologii\/IT. Zdarza\u0142o mi si\u0119 by\u0107 HR Business Partnerem dla zespo\u0142\u00f3w IT, zajmowa\u0107 si\u0119 aplikacjami dla HR jako HR Information Systems Manager, by\u0107 szefem HR w start-upach i &hellip; Czytaj dalej O mnie &rarr;","og_url":"https:\/\/mojhr.stronaob.pl\/","article_modified_time":"2021-05-29T08:22:05+00:00","og_image":[{"url":"http:\/\/mojhr.stronaob.pl\/wp-content\/uploads\/2021\/05\/arek-g-17-e1622042660505-1024x861.jpg","type":"","width":"","height":""}],"twitter_card":"summary_large_image","twitter_misc":{"Szacowany czas czytania":"2 minuty"},"schema":{"@context":"https:\/\/schema.org","@graph":[{"@type":"WebPage","@id":"https:\/\/mojhr.stronaob.pl\/","url":"https:\/\/mojhr.stronaob.pl\/","name":"O mnie -","isPartOf":{"@id":"https:\/\/mojhr.stronaob.pl\/#website"},"primaryImageOfPage":{"@id":"https:\/\/mojhr.stronaob.pl\/#primaryimage"},"image":{"@id":"https:\/\/mojhr.stronaob.pl\/#primaryimage"},"thumbnailUrl":"http:\/\/mojhr.stronaob.pl\/wp-content\/uploads\/2021\/05\/arek-g-17-e1622042660505-1024x861.jpg","datePublished":"2020-06-06T08:23:37+00:00","dateModified":"2021-05-29T08:22:05+00:00","breadcrumb":{"@id":"https:\/\/mojhr.stronaob.pl\/#breadcrumb"},"inLanguage":"pl-PL","potentialAction":[{"@type":"ReadAction","target":["https:\/\/mojhr.stronaob.pl\/"]}]},{"@type":"ImageObject","inLanguage":"pl-PL","@id":"https:\/\/mojhr.stronaob.pl\/#primaryimage","url":"https:\/\/mojhr.stronaob.pl\/wp-content\/uploads\/2021\/05\/arek-g-17-e1622042660505.jpg","contentUrl":"https:\/\/mojhr.stronaob.pl\/wp-content\/uploads\/2021\/05\/arek-g-17-e1622042660505.jpg","width":1360,"height":1143},{"@type":"BreadcrumbList","@id":"https:\/\/mojhr.stronaob.pl\/#breadcrumb","itemListElement":[{"@type":"ListItem","position":1,"name":"M\u00f3j HR","item":"https:\/\/mojhr.stronaob.pl\/"},{"@type":"ListItem","position":2,"name":"O mnie"}]},{"@type":"WebSite","@id":"https:\/\/mojhr.stronaob.pl\/#website","url":"https:\/\/mojhr.stronaob.pl\/","name":"M\u00f3j HR - z \u017cycia HR-owca","description":"Z \u017cycia HR-owca","publisher":{"@id":"https:\/\/mojhr.stronaob.pl\/#\/schema\/person\/6a993ca2c3c4f4ce34763fcc157cc1a5"},"potentialAction":[{"@type":"SearchAction","target":{"@type":"EntryPoint","urlTemplate":"https:\/\/mojhr.stronaob.pl\/?s={search_term_string}"},"query-input":{"@type":"PropertyValueSpecification","valueRequired":true,"valueName":"search_term_string"}}],"inLanguage":"pl-PL"},{"@type":["Person","Organization"],"@id":"https:\/\/mojhr.stronaob.pl\/#\/schema\/person\/6a993ca2c3c4f4ce34763fcc157cc1a5","name":"Arek","image":{"@type":"ImageObject","inLanguage":"pl-PL","@id":"https:\/\/mojhr.stronaob.pl\/wp-content\/uploads\/2021\/06\/logo-1.png","url":"https:\/\/mojhr.stronaob.pl\/wp-content\/uploads\/2021\/06\/logo-1.png","contentUrl":"https:\/\/mojhr.stronaob.pl\/wp-content\/uploads\/2021\/06\/logo-1.png","width":224,"height":181,"caption":"Arek"},"logo":{"@id":"https:\/\/mojhr.stronaob.pl\/wp-content\/uploads\/2021\/06\/logo-1.png"},"sameAs":["http:\/\/mojhr.stronaob.pl"]}]}},"_links":{"self":[{"href":"https:\/\/mojhr.stronaob.pl\/index.php\/wp-json\/wp\/v2\/pages\/53","targetHints":{"allow":["GET"]}}],"collection":[{"href":"https:\/\/mojhr.stronaob.pl\/index.php\/wp-json\/wp\/v2\/pages"}],"about":[{"href":"https:\/\/mojhr.stronaob.pl\/index.php\/wp-json\/wp\/v2\/types\/page"}],"author":[{"embeddable":true,"href":"https:\/\/mojhr.stronaob.pl\/index.php\/wp-json\/wp\/v2\/users\/1"}],"replies":[{"embeddable":true,"href":"https:\/\/mojhr.stronaob.pl\/index.php\/wp-json\/wp\/v2\/comments?post=53"}],"version-history":[{"count":7,"href":"https:\/\/mojhr.stronaob.pl\/index.php\/wp-json\/wp\/v2\/pages\/53\/revisions"}],"predecessor-version":[{"id":191,"href":"https:\/\/mojhr.stronaob.pl\/index.php\/wp-json\/wp\/v2\/pages\/53\/revisions\/191"}],"wp:attachment":[{"href":"https:\/\/mojhr.stronaob.pl\/index.php\/wp-json\/wp\/v2\/media?parent=53"}],"curies":[{"name":"wp","href":"https:\/\/api.w.org\/{rel}","templated":true}]}}